{"id":34,"date":"2023-04-02T09:40:28","date_gmt":"2023-04-02T09:40:28","guid":{"rendered":"https:\/\/pma.joostfesten.nl\/?page_id=34"},"modified":"2025-11-02T15:50:56","modified_gmt":"2025-11-02T15:50:56","slug":"wanneer-pma","status":"publish","type":"page","link":"https:\/\/pma.joostfesten.nl\/?page_id=34","title":{"rendered":"Wanneer PMA?"},"content":{"rendered":"\n<p><strong><span style=\"text-decoration: underline;\">Wanneer is PMA een mogelijke aanpak?<\/span><\/strong><\/p>\n\n\n<div class=\"wp-block-image\">\n<figure class=\"alignleft size-large is-resized\"><img loading=\"lazy\" decoding=\"async\" width=\"683\" height=\"1024\" src=\"https:\/\/pma.joostfesten.nl\/wp-content\/uploads\/2024\/03\/Trauma-683x1024.jpg\" alt=\"\" class=\"wp-image-577\" style=\"width:219px;height:auto\" srcset=\"https:\/\/pma.joostfesten.nl\/wp-content\/uploads\/2024\/03\/Trauma-683x1024.jpg 683w, https:\/\/pma.joostfesten.nl\/wp-content\/uploads\/2024\/03\/Trauma-200x300.jpg 200w, https:\/\/pma.joostfesten.nl\/wp-content\/uploads\/2024\/03\/Trauma-768x1152.jpg 768w, https:\/\/pma.joostfesten.nl\/wp-content\/uploads\/2024\/03\/Trauma-1024x1536.jpg 1024w, https:\/\/pma.joostfesten.nl\/wp-content\/uploads\/2024\/03\/Trauma-1365x2048.jpg 1365w, https:\/\/pma.joostfesten.nl\/wp-content\/uploads\/2024\/03\/Trauma-scaled.jpg 1707w\" sizes=\"auto, (max-width: 683px) 100vw, 683px\" \/><\/figure>\n<\/div>\n\n\n<p>PMA werkt zowel voor kinderen (vanaf het moment dat ze taal begrijpen en (een beetje) spreken) tot volwassenen van alle leeftijden. Van tieners, jongvolwassenen tot ouderen. Zelf voor ouderen op hoge leeftijd kan het de kwaliteit van leven verbeteren.<\/p>\n\n\n\n<p>De met *) beschreven klachten mocht ik reeds succesvol de handvaten aanreiken om ze succesvol te door cli\u00ebnt te laten verdwijnen.<\/p>\n\n\n<div class=\"wp-block-image\">\n<figure class=\"alignright size-large is-resized\"><a href=\"https:\/\/pma.joostfesten.nl\/?page_id=318\"><img loading=\"lazy\" decoding=\"async\" width=\"1024\" height=\"925\" src=\"https:\/\/pma.joostfesten.nl\/wp-content\/uploads\/2023\/10\/image-2-1024x925.png\" alt=\"\" class=\"wp-image-333\" style=\"aspect-ratio:1.1072975674775074;width:72px;height:auto\" srcset=\"https:\/\/pma.joostfesten.nl\/wp-content\/uploads\/2023\/10\/image-2-1024x925.png 1024w, https:\/\/pma.joostfesten.nl\/wp-content\/uploads\/2023\/10\/image-2-300x271.png 300w, https:\/\/pma.joostfesten.nl\/wp-content\/uploads\/2023\/10\/image-2-768x694.png 768w, https:\/\/pma.joostfesten.nl\/wp-content\/uploads\/2023\/10\/image-2-1536x1387.png 1536w, https:\/\/pma.joostfesten.nl\/wp-content\/uploads\/2023\/10\/image-2-2048x1850.png 2048w\" sizes=\"auto, (max-width: 767px) 89vw, (max-width: 1000px) 54vw, (max-width: 1071px) 543px, 580px\" \/><\/a><\/figure>\n<\/div>\n\n\n<p>Herken je \u00e9\u00e9n of meer van de onderstaande verschillende fysieke en psychische klachten zoals:<\/p>\n\n\n\n<ul class=\"wp-block-list\">\n<li>Verwerken van traumatisch opgeslagen belevingen\/gebeurtenissen *)<\/li>\n\n\n\n<li>Chronische aandoeningen zoals schouder, nek- en rugklachten *)<\/li>\n\n\n\n<li>Aanhoudende lichamelijke klachten (ALK), door NALK (Netwerk Aanhoudende Lichamelijke Klachten) omschreven als klachten die minstens enkele weken duren en het functioneren beperken of lijdensdruk veroorzaken. Het kan dan gaan om aanhoudende klachten na een behandeling of om klachten waar geen etiketje op te plakken is. Tot voor kort werden deze klachten aangeduid met SOLK (Somatische Onvoldoende verklaarde Lichamelijke Klachten). *)<br>Veel van deze klachten zien we ook terug bij <em><strong>Long COVID pati\u00ebnten<\/strong><\/em>. Een paar voorbeelden hiervan zijn:\n<ul class=\"wp-block-list\">\n<li>Ernstige vermoeidheid *)<\/li>\n\n\n\n<li>Concentratie- of geheugenproblemen *)<\/li>\n\n\n\n<li>Piekeren *)<\/li>\n\n\n\n<li>Duizeligheid *)<\/li>\n<\/ul>\n<\/li>\n\n\n\n<li>Klachten als gevolg van burn-out en\/of stress: oververmoeidheid, slaapproblemen, hartkloppingen enzovoorts *)<\/li>\n\n\n\n<li>Klachten als gevolg van depressieve gevoelens alsmede postnatale depressieve gevoelens: slaapproblemen, te veel prikkels ervaren, onzekerheid enz. *)<\/li>\n\n\n\n<li>Psychische klachten zoals bijvoorbeeld angststoornissen en eetstoornissen *)<\/li>\n\n\n\n<li>PTSS en PTSD klachten<\/li>\n\n\n\n<li>Slaapproblemen *)<\/li>\n\n\n\n<li>Oorsuizen (Tinnitus) *)<\/li>\n\n\n\n<li>Tics *)<\/li>\n\n\n\n<li>Bedplassen, urineverlies`*)<\/li>\n\n\n\n<li>Gedragsproblemen *)<\/li>\n\n\n\n<li>Verslaving of dreigende verslaving *)<\/li>\n\n\n\n<li>Gevoelloosheid in je lijf *)<\/li>\n\n\n\n<li>Durven genieten van wat fijn is *)<\/li>\n\n\n\n<li>Je openstellen voor gevoelens *)<\/li>\n\n\n\n<li>Van een gesloten houding naar een open blik *)<\/li>\n\n\n\n<li>Chronische aandoeningen zoals bijvoorbeeld chronische darmontstekingen, coeliakie, eczeem, nek- en rugklachten *)<\/li>\n\n\n\n<li>Maagklachten, zoals misselijkheid *)<\/li>\n\n\n\n<li>Buikpijn of buikkrampen *)<\/li>\n\n\n\n<li>Pijn als gevolg operatieve behandelingen *)<\/li>\n\n\n\n<li>Veranderingen&nbsp; in het gezicht als gevolg van stress, pijn of ernstige verstoringen door onverklaarde klachten *)<\/li>\n\n\n\n<li>(lage) Rugpijn, stuitje en andere spier- en\/of gewrichtspijnen *)<\/li>\n\n\n\n<li>Onzekerheden wegnemen door je remmende overtuigingen aan te pakken en te leren herkennen *)<\/li>\n\n\n\n<li>Snel overprikkeld raken door triggers *)<\/li>\n\n\n\n<li>Drukke omgevingen mijden *)<\/li>\n\n\n\n<li>Problemen met volgen van gesprekken in drukke vergaderingen en drukke omgevingen *)<\/li>\n\n\n\n<li>Plotselinge stemmingsveranderingen *)<\/li>\n\n\n\n<li>Hartkloppingen als gevolg van triggers. beginnende burn-out klachten *)<\/li>\n\n\n\n<li>Ontmantelen van de veroorzakers van angsten *)<\/li>\n\n\n\n<li>Angst aanvallen *)<\/li>\n\n\n\n<li>Angst voor de tandarts<\/li>\n\n\n\n<li>Overwinnen vliegangst *)<\/li>\n\n\n\n<li>Sterker in je schoenen staan door onmacht, onzekerheid, twijfelende gevoelens te bestrijden *)<\/li>\n\n\n\n<li>Overwinnen van verslaving(en) *)<\/li>\n\n\n\n<li>Syndroom van Raynaud *)<\/li>\n\n\n\n<li>HELLP syndroom<\/li>\n\n\n\n<li>Psoriasis<\/li>\n\n\n\n<li>Cognitieve klachten als gevolg van een Whiplash<\/li>\n\n\n\n<li>Sarco\u00efdose, oftewel Besni\u00ebr-Boeck<\/li>\n\n\n\n<li>Ziekte van Crohn<\/li>\n\n\n\n<li>Fibromyalgie<\/li>\n\n\n\n<li>Cognitieve klachten als gevolg van Parkinson<\/li>\n\n\n\n<li>Epilepsie<\/li>\n\n\n\n<li>MS&nbsp;(Multiple Sclerose) en andere auto-immuunziekten<\/li>\n<\/ul>\n\n\n\n<figure class=\"wp-block-image size-large\"><img loading=\"lazy\" decoding=\"async\" width=\"1024\" height=\"683\" src=\"https:\/\/pma.joostfesten.nl\/wp-content\/uploads\/2024\/03\/Relatieproblemen-1024x683.jpg\" alt=\"\" class=\"wp-image-581\" srcset=\"https:\/\/pma.joostfesten.nl\/wp-content\/uploads\/2024\/03\/Relatieproblemen-1024x683.jpg 1024w, https:\/\/pma.joostfesten.nl\/wp-content\/uploads\/2024\/03\/Relatieproblemen-300x200.jpg 300w, https:\/\/pma.joostfesten.nl\/wp-content\/uploads\/2024\/03\/Relatieproblemen-768x512.jpg 768w, https:\/\/pma.joostfesten.nl\/wp-content\/uploads\/2024\/03\/Relatieproblemen-1536x1024.jpg 1536w, https:\/\/pma.joostfesten.nl\/wp-content\/uploads\/2024\/03\/Relatieproblemen-2048x1365.jpg 2048w\" sizes=\"auto, (max-width: 767px) 89vw, (max-width: 1000px) 54vw, (max-width: 1071px) 543px, 580px\" \/><\/figure>\n\n\n\n<ul class=\"wp-block-list\">\n<li>Relatieproblemen in je priv\u00e9 relatie, maar ook in de werksituatie aanpakken en herkennen:\n<ul class=\"wp-block-list\">\n<li>Niet begrepen voelen *)<\/li>\n\n\n\n<li>Slechte onderlinge communicatie *)<\/li>\n\n\n\n<li>Vaak ruzie *)<\/li>\n\n\n\n<li>Gebrek aan intimiteit (binnen relatie) *)<\/li>\n\n\n\n<li>Gebrek aan aandacht krijgen\/geven *)<\/li>\n\n\n\n<li>Ongelijkwaardigheid *)<\/li>\n\n\n\n<li>Problematische omgang met kinderen (binnen relatie, gezinssituatie) *)<\/li>\n\n\n\n<li>Jaloezie<\/li>\n\n\n\n<li>Gebrek aan samenwerking<\/li>\n\n\n\n<li>Gebrek aan interesse in elkaar *)<\/li>\n\n\n\n<li>Gebrek aan verantwoordelijkheid nemen *)<\/li>\n\n\n\n<li>Manipulatie en macht<\/li>\n\n\n\n<li>Gebrek aan persoonlijke vrijheid *)<\/li>\n\n\n\n<li>Geen liefdevolle verbinding (binnen relatie)<\/li>\n<\/ul>\n<\/li>\n<\/ul>\n\n\n\n<p><em><span style=\"text-decoration: underline;\">Maar ook als je een van de onderstaande situaties herkent:<\/span><\/em><\/p>\n\n\n\n<ul class=\"wp-block-list\">\n<li>Je staat al moe op. En dan moet de dag nog beginnen! Je bent onrustig, futloos, gejaagd en moe, moe, moe. *)<\/li>\n\n\n\n<li>Je hebt het gevoel te veel ballen in de lucht te moeten houden. Het lukt je maar n\u00e8t en als je eerlijk bent; het kost je ontzettend veel energie. Niet fijn voor jezelf en zeker ook niet voor je omgeving. *)<\/li>\n\n\n\n<li>Je reageert op sommige momenten overtrokken: t\u00e8 boos, t\u00e8 verdrietig, t\u00e8 geprikkeld of overdreven ge\u00efrriteerd. Je wilt wel anders reageren maar het gevoel overkomt je. Je hebt er geen grip op en ook geen verklaring voor. Je schaamt je achteraf. *)<\/li>\n\n\n\n<li>Hoe hard je ook werkt, hoe succesvol je ook bent, het is nooit genoeg. Je kunt er niet van genieten. Emotioneel en lichamelijk beland je in een neerwaartse spiraal. *)<\/li>\n\n\n\n<li>Je voelt je onvervuld, opgesloten, geblokkeerd. Je hebt potentieel, dat voel je ook maar je kunt het niet ten volle gebruiken. *)<\/li>\n\n\n\n<li>Je durft bepaalde stappen niet te zetten die eigenlijk goed voor je zijn, maar dat stemmetje in je hoofd houdt je steeds weer tegen. *)<\/li>\n\n\n\n<li>Het nemen van beslissingen is moeilijk. *)<\/li>\n\n\n\n<li>Irritaties voelen als ongegrond en lijkt uit het niets te ontploffen. *)<\/li>\n<\/ul>\n\n\n\n<p>Op deze pagina&#8217;s en ander pagina&#8217;s van mijn website lees je informatie over PMA (<strong>Progressive Mental Alignment<\/strong>), <a href=\"https:\/\/pma.joostfesten.nl\/?page_id=25\">over mij<\/a> en over <a href=\"https:\/\/pma.joostfesten.nl\/?page_id=70\">mijn praktijk<\/a>. Tevens informeer ik je over wanneer je zou kunnen denken aan PMA Coaching om je te helpen.<br>Welke symptomen die je ervaart kunnen mogelijk worden weggenomen door gebruikmaking van de PMA vraag techniek.<br>Tevens zal ik steeds meer <a href=\"https:\/\/pma.joostfesten.nl\/?page_id=75\">quotes<\/a> en <a href=\"https:\/\/pma.joostfesten.nl\/?page_id=248\">reviews<\/a> delen van cli\u00ebnten die ik mocht begeleiden om met hernieuwde energie het leven tegemoet te treden.<\/p>\n\n\n\n<p>Na mijn studie aan het <a href=\"http:\/\/www.pmainstitute.nl\">PMA Institute<\/a> ben ik sinds 2022 PMA-Practitioner.<\/p>\n\n\n<div class=\"wp-block-image\">\n<figure class=\"alignright size-full is-resized\"><img loading=\"lazy\" decoding=\"async\" width=\"493\" height=\"494\" src=\"https:\/\/pma.joostfesten.nl\/wp-content\/uploads\/2023\/04\/PMA_Nederland.png\" alt=\"\" class=\"wp-image-48\" style=\"width:123px;height:124px\" srcset=\"https:\/\/pma.joostfesten.nl\/wp-content\/uploads\/2023\/04\/PMA_Nederland.png 493w, https:\/\/pma.joostfesten.nl\/wp-content\/uploads\/2023\/04\/PMA_Nederland-300x300.png 300w, https:\/\/pma.joostfesten.nl\/wp-content\/uploads\/2023\/04\/PMA_Nederland-150x150.png 150w, https:\/\/pma.joostfesten.nl\/wp-content\/uploads\/2023\/04\/PMA_Nederland-100x100.png 100w\" sizes=\"auto, (max-width: 493px) 100vw, 493px\" \/><\/figure>\n<\/div>\n\n\n<p><\/p>\n","protected":false},"excerpt":{"rendered":"<p>Wanneer is PMA een mogelijke aanpak? PMA werkt zowel voor kinderen (vanaf het moment dat ze taal begrijpen en (een beetje) spreken) tot volwassenen van alle leeftijden. Van tieners, jongvolwassenen tot ouderen. Zelf voor ouderen op hoge leeftijd kan het de kwaliteit van leven verbeteren. De met *) beschreven klachten mocht ik reeds succesvol de &hellip; <\/p>\n<p class=\"link-more\"><a href=\"https:\/\/pma.joostfesten.nl\/?page_id=34\" class=\"more-link\">Lees verder <span class=\"screen-reader-text\">&#8220;Wanneer PMA?&#8221;<\/span><\/a><\/p>\n","protected":false},"author":1,"featured_media":0,"parent":0,"menu_order":0,"comment_status":"closed","ping_status":"closed","template":"","meta":{"footnotes":""},"class_list":["post-34","page","type-page","status-publish","hentry"],"yoast_head":"<!-- This site is optimized with the Yoast SEO plugin v27.5 - https:\/\/yoast.com\/product\/yoast-seo-wordpress\/ -->\n<title>Wanneer PMA? - Joost Festen - PMA Therapie<\/title>\n<meta name=\"robots\" content=\"index, follow, max-snippet:-1, max-image-preview:large, max-video-preview:-1\" \/>\n<link rel=\"canonical\" href=\"https:\/\/pma.joostfesten.nl\/?page_id=34\" \/>\n<meta property=\"og:locale\" content=\"nl_NL\" \/>\n<meta property=\"og:type\" content=\"article\" \/>\n<meta property=\"og:title\" content=\"Wanneer PMA? - Joost Festen - PMA Therapie\" \/>\n<meta property=\"og:description\" content=\"Wanneer is PMA een mogelijke aanpak? PMA werkt zowel voor kinderen (vanaf het moment dat ze taal begrijpen en (een beetje) spreken) tot volwassenen van alle leeftijden. Van tieners, jongvolwassenen tot ouderen. Zelf voor ouderen op hoge leeftijd kan het de kwaliteit van leven verbeteren. De met *) beschreven klachten mocht ik reeds succesvol de &hellip; Lees verder &quot;Wanneer PMA?&quot;\" \/>\n<meta property=\"og:url\" content=\"https:\/\/pma.joostfesten.nl\/?page_id=34\" \/>\n<meta property=\"og:site_name\" content=\"Joost Festen - PMA Therapie\" \/>\n<meta property=\"article:modified_time\" content=\"2025-11-02T15:50:56+00:00\" \/>\n<meta property=\"og:image\" content=\"https:\/\/pma.joostfesten.nl\/wp-content\/uploads\/2024\/03\/Trauma-scaled.jpg\" \/>\n\t<meta property=\"og:image:width\" content=\"1707\" \/>\n\t<meta property=\"og:image:height\" content=\"2560\" \/>\n\t<meta property=\"og:image:type\" content=\"image\/jpeg\" \/>\n<meta name=\"twitter:card\" content=\"summary_large_image\" \/>\n<meta name=\"twitter:label1\" content=\"Geschatte leestijd\" \/>\n\t<meta name=\"twitter:data1\" content=\"5 minuten\" \/>\n<script type=\"application\/ld+json\" class=\"yoast-schema-graph\">{\"@context\":\"https:\\\/\\\/schema.org\",\"@graph\":[{\"@type\":\"WebPage\",\"@id\":\"https:\\\/\\\/pma.joostfesten.nl\\\/?page_id=34\",\"url\":\"https:\\\/\\\/pma.joostfesten.nl\\\/?page_id=34\",\"name\":\"Wanneer PMA? - Joost Festen - PMA Therapie\",\"isPartOf\":{\"@id\":\"https:\\\/\\\/pma.joostfesten.nl\\\/#website\"},\"primaryImageOfPage\":{\"@id\":\"https:\\\/\\\/pma.joostfesten.nl\\\/?page_id=34#primaryimage\"},\"image\":{\"@id\":\"https:\\\/\\\/pma.joostfesten.nl\\\/?page_id=34#primaryimage\"},\"thumbnailUrl\":\"https:\\\/\\\/pma.joostfesten.nl\\\/wp-content\\\/uploads\\\/2024\\\/03\\\/Trauma-683x1024.jpg\",\"datePublished\":\"2023-04-02T09:40:28+00:00\",\"dateModified\":\"2025-11-02T15:50:56+00:00\",\"breadcrumb\":{\"@id\":\"https:\\\/\\\/pma.joostfesten.nl\\\/?page_id=34#breadcrumb\"},\"inLanguage\":\"nl-NL\",\"potentialAction\":[{\"@type\":\"ReadAction\",\"target\":[\"https:\\\/\\\/pma.joostfesten.nl\\\/?page_id=34\"]}]},{\"@type\":\"ImageObject\",\"inLanguage\":\"nl-NL\",\"@id\":\"https:\\\/\\\/pma.joostfesten.nl\\\/?page_id=34#primaryimage\",\"url\":\"https:\\\/\\\/pma.joostfesten.nl\\\/wp-content\\\/uploads\\\/2024\\\/03\\\/Trauma-scaled.jpg\",\"contentUrl\":\"https:\\\/\\\/pma.joostfesten.nl\\\/wp-content\\\/uploads\\\/2024\\\/03\\\/Trauma-scaled.jpg\",\"width\":1707,\"height\":2560},{\"@type\":\"BreadcrumbList\",\"@id\":\"https:\\\/\\\/pma.joostfesten.nl\\\/?page_id=34#breadcrumb\",\"itemListElement\":[{\"@type\":\"ListItem\",\"position\":1,\"name\":\"Home\",\"item\":\"https:\\\/\\\/pma.joostfesten.nl\\\/\"},{\"@type\":\"ListItem\",\"position\":2,\"name\":\"Wanneer PMA?\"}]},{\"@type\":\"WebSite\",\"@id\":\"https:\\\/\\\/pma.joostfesten.nl\\\/#website\",\"url\":\"https:\\\/\\\/pma.joostfesten.nl\\\/\",\"name\":\"Joost Festen - PMA Therapie\",\"description\":\"PMA = Logisch gezond! Alles is altijd in beweging, verandering is onderdeel van ons bestaan\",\"publisher\":{\"@id\":\"https:\\\/\\\/pma.joostfesten.nl\\\/#organization\"},\"alternateName\":\"PMA Therapeut\",\"potentialAction\":[{\"@type\":\"SearchAction\",\"target\":{\"@type\":\"EntryPoint\",\"urlTemplate\":\"https:\\\/\\\/pma.joostfesten.nl\\\/?s={search_term_string}\"},\"query-input\":{\"@type\":\"PropertyValueSpecification\",\"valueRequired\":true,\"valueName\":\"search_term_string\"}}],\"inLanguage\":\"nl-NL\"},{\"@type\":\"Organization\",\"@id\":\"https:\\\/\\\/pma.joostfesten.nl\\\/#organization\",\"name\":\"joostfesten BV\",\"alternateName\":\"joostfesten BV\",\"url\":\"https:\\\/\\\/pma.joostfesten.nl\\\/\",\"logo\":{\"@type\":\"ImageObject\",\"inLanguage\":\"nl-NL\",\"@id\":\"https:\\\/\\\/pma.joostfesten.nl\\\/#\\\/schema\\\/logo\\\/image\\\/\",\"url\":\"https:\\\/\\\/pma.joostfesten.nl\\\/wp-content\\\/uploads\\\/2023\\\/08\\\/cropped-Logo_PMA_Los_V3.jpg\",\"contentUrl\":\"https:\\\/\\\/pma.joostfesten.nl\\\/wp-content\\\/uploads\\\/2023\\\/08\\\/cropped-Logo_PMA_Los_V3.jpg\",\"width\":449,\"height\":250,\"caption\":\"joostfesten BV\"},\"image\":{\"@id\":\"https:\\\/\\\/pma.joostfesten.nl\\\/#\\\/schema\\\/logo\\\/image\\\/\"},\"sameAs\":[\"https:\\\/\\\/linkedin.com\\\/in\\\/joostfesten\"]}]}<\/script>\n<!-- \/ Yoast SEO plugin. -->","yoast_head_json":{"title":"Wanneer PMA? - Joost Festen - PMA Therapie","robots":{"index":"index","follow":"follow","max-snippet":"max-snippet:-1","max-image-preview":"max-image-preview:large","max-video-preview":"max-video-preview:-1"},"canonical":"https:\/\/pma.joostfesten.nl\/?page_id=34","og_locale":"nl_NL","og_type":"article","og_title":"Wanneer PMA? - Joost Festen - PMA Therapie","og_description":"Wanneer is PMA een mogelijke aanpak? PMA werkt zowel voor kinderen (vanaf het moment dat ze taal begrijpen en (een beetje) spreken) tot volwassenen van alle leeftijden. Van tieners, jongvolwassenen tot ouderen. Zelf voor ouderen op hoge leeftijd kan het de kwaliteit van leven verbeteren. De met *) beschreven klachten mocht ik reeds succesvol de &hellip; Lees verder \"Wanneer PMA?\"","og_url":"https:\/\/pma.joostfesten.nl\/?page_id=34","og_site_name":"Joost Festen - PMA Therapie","article_modified_time":"2025-11-02T15:50:56+00:00","og_image":[{"width":1707,"height":2560,"url":"https:\/\/pma.joostfesten.nl\/wp-content\/uploads\/2024\/03\/Trauma-scaled.jpg","type":"image\/jpeg"}],"twitter_card":"summary_large_image","twitter_misc":{"Geschatte leestijd":"5 minuten"},"schema":{"@context":"https:\/\/schema.org","@graph":[{"@type":"WebPage","@id":"https:\/\/pma.joostfesten.nl\/?page_id=34","url":"https:\/\/pma.joostfesten.nl\/?page_id=34","name":"Wanneer PMA? - Joost Festen - PMA Therapie","isPartOf":{"@id":"https:\/\/pma.joostfesten.nl\/#website"},"primaryImageOfPage":{"@id":"https:\/\/pma.joostfesten.nl\/?page_id=34#primaryimage"},"image":{"@id":"https:\/\/pma.joostfesten.nl\/?page_id=34#primaryimage"},"thumbnailUrl":"https:\/\/pma.joostfesten.nl\/wp-content\/uploads\/2024\/03\/Trauma-683x1024.jpg","datePublished":"2023-04-02T09:40:28+00:00","dateModified":"2025-11-02T15:50:56+00:00","breadcrumb":{"@id":"https:\/\/pma.joostfesten.nl\/?page_id=34#breadcrumb"},"inLanguage":"nl-NL","potentialAction":[{"@type":"ReadAction","target":["https:\/\/pma.joostfesten.nl\/?page_id=34"]}]},{"@type":"ImageObject","inLanguage":"nl-NL","@id":"https:\/\/pma.joostfesten.nl\/?page_id=34#primaryimage","url":"https:\/\/pma.joostfesten.nl\/wp-content\/uploads\/2024\/03\/Trauma-scaled.jpg","contentUrl":"https:\/\/pma.joostfesten.nl\/wp-content\/uploads\/2024\/03\/Trauma-scaled.jpg","width":1707,"height":2560},{"@type":"BreadcrumbList","@id":"https:\/\/pma.joostfesten.nl\/?page_id=34#breadcrumb","itemListElement":[{"@type":"ListItem","position":1,"name":"Home","item":"https:\/\/pma.joostfesten.nl\/"},{"@type":"ListItem","position":2,"name":"Wanneer PMA?"}]},{"@type":"WebSite","@id":"https:\/\/pma.joostfesten.nl\/#website","url":"https:\/\/pma.joostfesten.nl\/","name":"Joost Festen - PMA Therapie","description":"PMA = Logisch gezond! Alles is altijd in beweging, verandering is onderdeel van ons bestaan","publisher":{"@id":"https:\/\/pma.joostfesten.nl\/#organization"},"alternateName":"PMA Therapeut","potentialAction":[{"@type":"SearchAction","target":{"@type":"EntryPoint","urlTemplate":"https:\/\/pma.joostfesten.nl\/?s={search_term_string}"},"query-input":{"@type":"PropertyValueSpecification","valueRequired":true,"valueName":"search_term_string"}}],"inLanguage":"nl-NL"},{"@type":"Organization","@id":"https:\/\/pma.joostfesten.nl\/#organization","name":"joostfesten BV","alternateName":"joostfesten BV","url":"https:\/\/pma.joostfesten.nl\/","logo":{"@type":"ImageObject","inLanguage":"nl-NL","@id":"https:\/\/pma.joostfesten.nl\/#\/schema\/logo\/image\/","url":"https:\/\/pma.joostfesten.nl\/wp-content\/uploads\/2023\/08\/cropped-Logo_PMA_Los_V3.jpg","contentUrl":"https:\/\/pma.joostfesten.nl\/wp-content\/uploads\/2023\/08\/cropped-Logo_PMA_Los_V3.jpg","width":449,"height":250,"caption":"joostfesten BV"},"image":{"@id":"https:\/\/pma.joostfesten.nl\/#\/schema\/logo\/image\/"},"sameAs":["https:\/\/linkedin.com\/in\/joostfesten"]}]}},"_links":{"self":[{"href":"https:\/\/pma.joostfesten.nl\/index.php?rest_route=\/wp\/v2\/pages\/34","targetHints":{"allow":["GET"]}}],"collection":[{"href":"https:\/\/pma.joostfesten.nl\/index.php?rest_route=\/wp\/v2\/pages"}],"about":[{"href":"https:\/\/pma.joostfesten.nl\/index.php?rest_route=\/wp\/v2\/types\/page"}],"author":[{"embeddable":true,"href":"https:\/\/pma.joostfesten.nl\/index.php?rest_route=\/wp\/v2\/users\/1"}],"replies":[{"embeddable":true,"href":"https:\/\/pma.joostfesten.nl\/index.php?rest_route=%2Fwp%2Fv2%2Fcomments&post=34"}],"version-history":[{"count":47,"href":"https:\/\/pma.joostfesten.nl\/index.php?rest_route=\/wp\/v2\/pages\/34\/revisions"}],"predecessor-version":[{"id":789,"href":"https:\/\/pma.joostfesten.nl\/index.php?rest_route=\/wp\/v2\/pages\/34\/revisions\/789"}],"wp:attachment":[{"href":"https:\/\/pma.joostfesten.nl\/index.php?rest_route=%2Fwp%2Fv2%2Fmedia&parent=34"}],"curies":[{"name":"wp","href":"https:\/\/api.w.org\/{rel}","templated":true}]}}